{"id":64,"date":"2018-11-23T01:03:45","date_gmt":"2018-11-23T01:03:45","guid":{"rendered":"https:\/\/aguanort.com.ar\/site\/?page_id=64"},"modified":"2019-03-09T03:03:26","modified_gmt":"2019-03-09T03:03:26","slug":"soda-en-sifones","status":"publish","type":"page","link":"https:\/\/aguanort.com.ar\/site\/soda-en-sifones\/","title":{"rendered":"Soda en sifones"},"content":{"rendered":"<p><div class=\"fusion-fullwidth fullwidth-box fusion-builder-row-1 nonhundred-percent-fullwidth non-hundred-percent-height-scrolling\" style=\"background-color: rgba(255,255,255,0);background-position: center center;background-repeat: no-repeat;padding-top:0px;padding-right:0px;padding-bottom:0px;padding-left:0px;margin-bottom: 0px;margin-top: 0px;border-width: 0px 0px 0px 0px;border-color:#eae9e9;border-style:solid;\" ><div class=\"fusion-builder-row fusion-row\"><div class=\"fusion-layout-column fusion_builder_column fusion-builder-column-0 fusion_builder_column_1_1 1_1 fusion-one-full fusion-column-first fusion-column-last\" style=\"margin-top:0px;margin-bottom:0px;\"><div class=\"fusion-column-wrapper fusion-flex-column-wrapper-legacy\" style=\"background-position:left top;background-repeat:no-repeat;-webkit-background-size:cover;-moz-background-size:cover;-o-background-size:cover;background-size:cover;padding: 0px 0px 0px 0px;\"><div class=\"fusion-text fusion-text-1\"><p>Los Sifones Aguanort ofrecen la mayor pureza y practicidad. Disponemos de sifones ideales para preparar aperitivos, para refrescarte con lim\u00f3n, para acompa\u00f1ar a tu amargo serrano y muchas posibilidades m\u00e1s.<\/p>\n<p>Vienen presentados en estos formatos que brindan practicidad y comodidad:<\/p>\n<\/div><div class=\"fusion-clearfix\"><\/div><\/div><\/div><\/div><\/div><div class=\"fusion-fullwidth fullwidth-box fusion-builder-row-2 nonhundred-percent-fullwidth non-hundred-percent-height-scrolling\" style=\"background-color: rgba(255,255,255,0);background-position: center center;background-repeat: no-repeat;padding-top:0px;padding-right:0px;padding-bottom:0px;padding-left:0px;margin-bottom: 0px;margin-top: 0px;border-width: 0px 0px 0px 0px;border-color:#eae9e9;border-style:solid;\" ><div class=\"fusion-builder-row fusion-row\"><div class=\"fusion-layout-column fusion_builder_column fusion-builder-column-1 fusion_builder_column_1_5 1_5 fusion-one-fifth fusion-column-first\" style=\"width:16.8%; margin-right: 4%;margin-top:0px;margin-bottom:0px;\"><div class=\"fusion-column-wrapper fusion-flex-column-wrapper-legacy\" style=\"background-position:left top;background-repeat:no-repeat;-webkit-background-size:cover;-moz-background-size:cover;-o-background-size:cover;background-size:cover;padding: 0px 0px 0px 0px;\"><div class=\"fusion-text fusion-text-2\"><div dir=\"ltr\">\n<div style=\"text-align: center;\"><strong>Sif\u00f3n de 650 cc<\/strong><\/div>\n<\/div>\n<\/div><div class=\"imageframe-align-center\"><span class=\" fusion-imageframe imageframe-none imageframe-1 hover-type-none\"><img decoding=\"async\" width=\"493\" height=\"1000\" title=\"sifon-1\" src=\"https:\/\/aguanort.com.ar\/site\/wp-content\/uploads\/2018\/11\/sifon-1.jpg\" alt class=\"img-responsive wp-image-119\" srcset=\"https:\/\/aguanort.com.ar\/site\/wp-content\/uploads\/2018\/11\/sifon-1-200x406.jpg 200w, https:\/\/aguanort.com.ar\/site\/wp-content\/uploads\/2018\/11\/sifon-1-400x811.jpg 400w, https:\/\/aguanort.com.ar\/site\/wp-content\/uploads\/2018\/11\/sifon-1.jpg 493w\" sizes=\"(max-width: 800px) 100vw, 400px\" \/><\/span><\/div><div class=\"fusion-clearfix\"><\/div><\/div><\/div><div class=\"fusion-layout-column fusion_builder_column fusion-builder-column-2 fusion_builder_column_1_5 1_5 fusion-one-fifth\" style=\"width:16.8%; margin-right: 4%;margin-top:0px;margin-bottom:0px;\"><div class=\"fusion-column-wrapper fusion-flex-column-wrapper-legacy\" style=\"background-position:left top;background-repeat:no-repeat;-webkit-background-size:cover;-moz-background-size:cover;-o-background-size:cover;background-size:cover;padding: 0px 0px 0px 0px;\"><div class=\"fusion-text fusion-text-3\"><div dir=\"ltr\">\n<div style=\"text-align: center;\"><strong>Sif\u00f3n de 1500 cc<\/strong><\/div>\n<\/div>\n<\/div><div class=\"imageframe-align-center\"><span class=\" fusion-imageframe imageframe-none imageframe-2 hover-type-none\"><img decoding=\"async\" width=\"472\" height=\"1000\" title=\"sifon-2\" src=\"https:\/\/aguanort.com.ar\/site\/wp-content\/uploads\/2018\/11\/sifon-2.jpg\" alt class=\"img-responsive wp-image-120\" srcset=\"https:\/\/aguanort.com.ar\/site\/wp-content\/uploads\/2018\/11\/sifon-2-200x424.jpg 200w, https:\/\/aguanort.com.ar\/site\/wp-content\/uploads\/2018\/11\/sifon-2-400x847.jpg 400w, https:\/\/aguanort.com.ar\/site\/wp-content\/uploads\/2018\/11\/sifon-2.jpg 472w\" sizes=\"(max-width: 800px) 100vw, 400px\" \/><\/span><\/div><div class=\"fusion-clearfix\"><\/div><\/div><\/div><div class=\"fusion-layout-column fusion_builder_column fusion-builder-column-3 fusion_builder_column_1_5 1_5 fusion-one-fifth\" style=\"width:16.8%; margin-right: 4%;margin-top:0px;margin-bottom:0px;\"><div class=\"fusion-column-wrapper fusion-flex-column-wrapper-legacy\" style=\"background-position:left top;background-repeat:no-repeat;-webkit-background-size:cover;-moz-background-size:cover;-o-background-size:cover;background-size:cover;padding: 0px 0px 0px 0px;\"><div class=\"fusion-text fusion-text-4\"><div dir=\"ltr\">\n<div style=\"text-align: center;\"><strong>Funda protectora para su transporte<\/strong><\/div>\n<\/div>\n<\/div><span class=\" fusion-imageframe imageframe-none imageframe-3 hover-type-none\"><img decoding=\"async\" width=\"1000\" height=\"1000\" title=\"capucha\" src=\"https:\/\/aguanort.com.ar\/site\/wp-content\/uploads\/2018\/11\/capucha.jpg\" alt class=\"img-responsive wp-image-118\" srcset=\"https:\/\/aguanort.com.ar\/site\/wp-content\/uploads\/2018\/11\/capucha-200x200.jpg 200w, https:\/\/aguanort.com.ar\/site\/wp-content\/uploads\/2018\/11\/capucha-400x400.jpg 400w, https:\/\/aguanort.com.ar\/site\/wp-content\/uploads\/2018\/11\/capucha-600x600.jpg 600w, https:\/\/aguanort.com.ar\/site\/wp-content\/uploads\/2018\/11\/capucha-800x800.jpg 800w, https:\/\/aguanort.com.ar\/site\/wp-content\/uploads\/2018\/11\/capucha.jpg 1000w\" sizes=\"(max-width: 800px) 100vw, 400px\" \/><\/span><div class=\"fusion-clearfix\"><\/div><\/div><\/div><div class=\"fusion-layout-column fusion_builder_column fusion-builder-column-4 fusion_builder_column_1_3 1_3 fusion-one-third\" style=\"width:30.6666%; margin-right: 4%;margin-top:0px;margin-bottom:0px;\"><div class=\"fusion-column-wrapper fusion-flex-column-wrapper-legacy\" style=\"background-position:left top;background-repeat:no-repeat;-webkit-background-size:cover;-moz-background-size:cover;-o-background-size:cover;background-size:cover;padding: 0px 0px 0px 0px;\"><div class=\"fusion-image-carousel fusion-image-carousel-auto fusion-image-carousel-1\"><div class=\"fusion-carousel\" data-autoplay=\"yes\" data-columns=\"1\" data-itemmargin=\"13\" data-itemwidth=\"180\" data-touchscroll=\"yes\" data-imagesize=\"auto\"><div class=\"fusion-carousel-positioner\"><ul class=\"fusion-carousel-holder\"><li class=\"fusion-carousel-item\"><div class=\"fusion-carousel-item-wrapper\"><div class=\"fusion-image-wrapper hover-type-none\"><img decoding=\"async\" width=\"668\" height=\"1000\" src=\"https:\/\/aguanort.com.ar\/site\/wp-content\/uploads\/2019\/03\/Sifones2.jpg\" class=\"attachment-full size-full\" alt=\"\" srcset=\"https:\/\/aguanort.com.ar\/site\/wp-content\/uploads\/2019\/03\/Sifones2-200x299.jpg 200w, https:\/\/aguanort.com.ar\/site\/wp-content\/uploads\/2019\/03\/Sifones2-400x599.jpg 400w, https:\/\/aguanort.com.ar\/site\/wp-content\/uploads\/2019\/03\/Sifones2-600x898.jpg 600w, https:\/\/aguanort.com.ar\/site\/wp-content\/uploads\/2019\/03\/Sifones2.jpg 668w\" sizes=\"(max-width: 668px) 100vw, 668px\" \/><\/div><\/div><\/li><li class=\"fusion-carousel-item\"><div class=\"fusion-carousel-item-wrapper\"><div class=\"fusion-image-wrapper hover-type-none\"><img decoding=\"async\" width=\"668\" height=\"1000\" src=\"https:\/\/aguanort.com.ar\/site\/wp-content\/uploads\/2019\/03\/Sifones1.jpg\" class=\"attachment-full size-full\" alt=\"\" srcset=\"https:\/\/aguanort.com.ar\/site\/wp-content\/uploads\/2019\/03\/Sifones1-200x299.jpg 200w, https:\/\/aguanort.com.ar\/site\/wp-content\/uploads\/2019\/03\/Sifones1-400x599.jpg 400w, https:\/\/aguanort.com.ar\/site\/wp-content\/uploads\/2019\/03\/Sifones1-600x898.jpg 600w, https:\/\/aguanort.com.ar\/site\/wp-content\/uploads\/2019\/03\/Sifones1.jpg 668w\" sizes=\"(max-width: 668px) 100vw, 668px\" \/><\/div><\/div><\/li><li class=\"fusion-carousel-item\"><div class=\"fusion-carousel-item-wrapper\"><div class=\"fusion-image-wrapper hover-type-none\"><img decoding=\"async\" width=\"668\" height=\"1000\" src=\"https:\/\/aguanort.com.ar\/site\/wp-content\/uploads\/2019\/03\/Sifones3.jpg\" class=\"attachment-full size-full\" alt=\"\" srcset=\"https:\/\/aguanort.com.ar\/site\/wp-content\/uploads\/2019\/03\/Sifones3-200x299.jpg 200w, https:\/\/aguanort.com.ar\/site\/wp-content\/uploads\/2019\/03\/Sifones3-400x599.jpg 400w, https:\/\/aguanort.com.ar\/site\/wp-content\/uploads\/2019\/03\/Sifones3-600x898.jpg 600w, https:\/\/aguanort.com.ar\/site\/wp-content\/uploads\/2019\/03\/Sifones3.jpg 668w\" sizes=\"(max-width: 668px) 100vw, 668px\" \/><\/div><\/div><\/li><\/ul><\/div><\/div><\/div><div class=\"fusion-clearfix\"><\/div><\/div><\/div><\/div><\/div><\/p>\n","protected":false},"excerpt":{"rendered":"","protected":false},"author":1,"featured_media":0,"parent":0,"menu_order":0,"comment_status":"closed","ping_status":"closed","template":"","meta":{"footnotes":""},"class_list":["post-64","page","type-page","status-publish","hentry"],"_links":{"self":[{"href":"https:\/\/aguanort.com.ar\/site\/wp-json\/wp\/v2\/pages\/64","targetHints":{"allow":["GET"]}}],"collection":[{"href":"https:\/\/aguanort.com.ar\/site\/wp-json\/wp\/v2\/pages"}],"about":[{"href":"https:\/\/aguanort.com.ar\/site\/wp-json\/wp\/v2\/types\/page"}],"author":[{"embeddable":true,"href":"https:\/\/aguanort.com.ar\/site\/wp-json\/wp\/v2\/users\/1"}],"replies":[{"embeddable":true,"href":"https:\/\/aguanort.com.ar\/site\/wp-json\/wp\/v2\/comments?post=64"}],"version-history":[{"count":22,"href":"https:\/\/aguanort.com.ar\/site\/wp-json\/wp\/v2\/pages\/64\/revisions"}],"predecessor-version":[{"id":231,"href":"https:\/\/aguanort.com.ar\/site\/wp-json\/wp\/v2\/pages\/64\/revisions\/231"}],"wp:attachment":[{"href":"https:\/\/aguanort.com.ar\/site\/wp-json\/wp\/v2\/media?parent=64"}],"curies":[{"name":"wp","href":"https:\/\/api.w.org\/{rel}","templated":true}]}}