{"id":60,"date":"2018-11-23T01:00:08","date_gmt":"2018-11-23T01:00:08","guid":{"rendered":"https:\/\/aguanort.com.ar\/site\/?page_id=60"},"modified":"2023-08-23T16:15:43","modified_gmt":"2023-08-23T16:15:43","slug":"sobre-aguanort","status":"publish","type":"page","link":"https:\/\/aguanort.com.ar\/site\/sobre-aguanort\/","title":{"rendered":"Sobre Aguanort"},"content":{"rendered":"<div class=\"fusion-fullwidth fullwidth-box fusion-builder-row-1 nonhundred-percent-fullwidth non-hundred-percent-height-scrolling\" style=\"background-color: rgba(255,255,255,0);background-position: center center;background-repeat: no-repeat;padding-top:0px;padding-right:0px;padding-bottom:0px;padding-left:0px;margin-bottom: 0px;margin-top: 0px;border-width: 0px 0px 0px 0px;border-color:#eae9e9;border-style:solid;\" ><div class=\"fusion-builder-row fusion-row\"><div class=\"fusion-layout-column fusion_builder_column fusion-builder-column-0 fusion_builder_column_1_1 1_1 fusion-one-full fusion-column-first fusion-column-last\" style=\"margin-top:0px;margin-bottom:0px;\"><div class=\"fusion-column-wrapper fusion-flex-column-wrapper-legacy\" style=\"background-position:left top;background-repeat:no-repeat;-webkit-background-size:cover;-moz-background-size:cover;-o-background-size:cover;background-size:cover;padding: 0px 0px 0px 0px;\"><div class=\"fusion-text fusion-text-1\"><p>Somos una Planta elaboradora de Soda en Sifones y Agua en Bidones con una distribuci\u00f3n actual a distintos tipos de empresas, bares, casas de familia, municipalidades, comedores escolares y f\u00e1bricas, abarcando desde la zona de Constituci\u00f3n en la Ciudad Aut\u00f3noma de Buenos Aires hasta la localidad de Campana en la provincia de Buenos Aires. <strong><a href=\"https:\/\/aguanort.com.ar\/site\/zona-de-atencion\/\">Conozca aqu\u00ed nuestras Zonas de Atenci\u00f3n.<\/a> <\/strong>La distribuci\u00f3n se hace a trav\u00e9s de la modalidad de REPARTO.<\/p>\n<p>La divisi\u00f3n agua y sodas de Aguanort se fund\u00f3 en 1993 y desde entonces creci\u00f3 de manera constante gracias a la permanente inversi\u00f3n tanto en la parte de envases como en la planta productora, logrando as\u00ed una calidad de producto y de presentaci\u00f3n sobresalientes.<\/p>\n<\/div>\n<div class=\"fusion-slider-revolution rev_slider_wrapper\">\t\t\t<!-- START empresa REVOLUTION SLIDER 6.7.18 --><p class=\"rs-p-wp-fix\"><\/p>\n\t\t\t<rs-module-wrap id=\"rev_slider_2_1_wrapper\" data-source=\"gallery\" style=\"visibility:hidden;background:transparent;padding:0;margin:0px auto;margin-top:0;margin-bottom:33;\">\n\t\t\t\t<rs-module id=\"rev_slider_2_1\" style=\"\" data-version=\"6.7.18\">\n\t\t\t\t\t<rs-slides style=\"overflow: hidden; position: absolute;\">\n\t\t\t\t\t\t<rs-slide style=\"position: absolute;\" data-key=\"rs-14\" data-title=\"Slide\" data-anim=\"adpr:false;\">\n\t\t\t\t\t\t\t<img decoding=\"async\" src=\"\/\/aguanort.com.ar\/site\/wp-content\/plugins\/revslider\/sr6\/assets\/assets\/dummy.png\" alt=\"\" title=\"Aguanort Planta 2018_051-\" width=\"1500\" height=\"910\" class=\"rev-slidebg tp-rs-img rs-lazyload\" data-lazyload=\"\/\/aguanort.com.ar\/site\/wp-content\/uploads\/2018\/12\/Aguanort-Planta-2018_051-.jpg\" data-no-retina>\n<!---->\t\t\t\t\t<\/rs-slide>\n\t\t\t\t\t\t<rs-slide style=\"position: absolute;\" data-key=\"rs-15\" data-title=\"Slide\" data-anim=\"adpr:false;\">\n\t\t\t\t\t\t\t<img decoding=\"async\" src=\"\/\/aguanort.com.ar\/site\/wp-content\/plugins\/revslider\/sr6\/assets\/assets\/dummy.png\" alt=\"\" title=\"Sobre Aguanort\" class=\"rev-slidebg tp-rs-img rs-lazyload\" data-lazyload=\"\/\/aguanort.com.ar\/site\/wp-content\/uploads\/2018\/12\/Aguanort-Planta-2018_066-.jpg\" data-no-retina>\n<!---->\t\t\t\t\t<\/rs-slide>\n\t\t\t\t\t\t<rs-slide style=\"position: absolute;\" data-key=\"rs-16\" data-title=\"Slide\" data-anim=\"adpr:false;\">\n\t\t\t\t\t\t\t<img decoding=\"async\" src=\"\/\/aguanort.com.ar\/site\/wp-content\/plugins\/revslider\/sr6\/assets\/assets\/dummy.png\" alt=\"\" title=\"Sobre Aguanort\" class=\"rev-slidebg tp-rs-img rs-lazyload\" data-lazyload=\"\/\/aguanort.com.ar\/site\/wp-content\/uploads\/2018\/12\/Aguanort-Planta-2018_081-.jpg\" data-no-retina>\n<!---->\t\t\t\t\t<\/rs-slide>\n\t\t\t\t\t\t<rs-slide style=\"position: absolute;\" data-key=\"rs-17\" data-title=\"Slide\" data-anim=\"adpr:false;\">\n\t\t\t\t\t\t\t<img decoding=\"async\" src=\"\/\/aguanort.com.ar\/site\/wp-content\/plugins\/revslider\/sr6\/assets\/assets\/dummy.png\" alt=\"\" title=\"Sobre Aguanort\" class=\"rev-slidebg tp-rs-img rs-lazyload\" data-lazyload=\"\/\/aguanort.com.ar\/site\/wp-content\/uploads\/2018\/12\/Aguanort-Planta-2018_030-.jpg\" data-no-retina>\n<!---->\t\t\t\t\t<\/rs-slide>\n\t\t\t\t\t\t<rs-slide style=\"position: absolute;\" data-key=\"rs-19\" data-title=\"Slide\" data-anim=\"adpr:false;\">\n\t\t\t\t\t\t\t<img decoding=\"async\" src=\"\/\/aguanort.com.ar\/site\/wp-content\/plugins\/revslider\/sr6\/assets\/assets\/dummy.png\" alt=\"\" title=\"Sobre Aguanort\" class=\"rev-slidebg tp-rs-img rs-lazyload\" data-lazyload=\"\/\/aguanort.com.ar\/site\/wp-content\/uploads\/2018\/11\/01.jpg\" data-no-retina>\n<!---->\t\t\t\t\t<\/rs-slide>\n\t\t\t\t\t<\/rs-slides>\n\t\t\t\t<\/rs-module>\n\t\t\t\t<script>\n\t\t\t\t\tsetREVStartSize({c: 'rev_slider_2_1',rl:[1240,1024,778,480],el:[],gw:[1240],gh:[550],type:'standard',justify:'',layout:'fullwidth',mh:\"0\"});if (window.RS_MODULES!==undefined && window.RS_MODULES.modules!==undefined && window.RS_MODULES.modules[\"revslider21\"]!==undefined) {window.RS_MODULES.modules[\"revslider21\"].once = false;window.revapi2 = undefined;if (window.RS_MODULES.checkMinimal!==undefined) window.RS_MODULES.checkMinimal()}\n\t\t\t\t<\/script>\n\t\t\t<\/rs-module-wrap>\n\t\t\t<!-- END REVOLUTION SLIDER -->\n<\/div><div class=\"fusion-text fusion-text-2\"><p>En el a\u00f1o 2004, se instal\u00f3 un laboratorio de \u00faltima generaci\u00f3n junto con una planta de tratamiento de aguas para asegurar la excelencia en nuestro principal insumo. El agua es sometida a an\u00e1lisis qu\u00edmicos diarios y tratada con las m\u00e1s estrictas normas de higiene y seguridad.<\/p>\n<p>Realizamos nuestro trabajo con pasi\u00f3n y con excelentes equipos de gente en los sectores de producci\u00f3n, administraci\u00f3n y distribuci\u00f3n, ocup\u00e1ndonos de los m\u00e1s m\u00ednimos detalles para que el producto que llegue a su mesa sea de calidad.<\/p>\n<\/div><div class=\"fusion-clearfix\"><\/div><\/div><\/div><\/div><\/div>\n","protected":false},"excerpt":{"rendered":"","protected":false},"author":1,"featured_media":0,"parent":0,"menu_order":0,"comment_status":"closed","ping_status":"closed","template":"","meta":{"footnotes":""},"class_list":["post-60","page","type-page","status-publish","hentry"],"_links":{"self":[{"href":"https:\/\/aguanort.com.ar\/site\/wp-json\/wp\/v2\/pages\/60","targetHints":{"allow":["GET"]}}],"collection":[{"href":"https:\/\/aguanort.com.ar\/site\/wp-json\/wp\/v2\/pages"}],"about":[{"href":"https:\/\/aguanort.com.ar\/site\/wp-json\/wp\/v2\/types\/page"}],"author":[{"embeddable":true,"href":"https:\/\/aguanort.com.ar\/site\/wp-json\/wp\/v2\/users\/1"}],"replies":[{"embeddable":true,"href":"https:\/\/aguanort.com.ar\/site\/wp-json\/wp\/v2\/comments?post=60"}],"version-history":[{"count":11,"href":"https:\/\/aguanort.com.ar\/site\/wp-json\/wp\/v2\/pages\/60\/revisions"}],"predecessor-version":[{"id":266,"href":"https:\/\/aguanort.com.ar\/site\/wp-json\/wp\/v2\/pages\/60\/revisions\/266"}],"wp:attachment":[{"href":"https:\/\/aguanort.com.ar\/site\/wp-json\/wp\/v2\/media?parent=60"}],"curies":[{"name":"wp","href":"https:\/\/api.w.org\/{rel}","templated":true}]}}