{"id":86,"date":"2019-08-14T20:07:00","date_gmt":"2019-08-14T23:07:00","guid":{"rendered":"http:\/\/aguanort.com.ar\/distribuidora\/?page_id=86"},"modified":"2024-09-04T19:40:09","modified_gmt":"2024-09-04T22:40:09","slug":"la-empresa","status":"publish","type":"page","link":"https:\/\/aguanort.com.ar\/distribuidora\/la-empresa\/","title":{"rendered":"La empresa"},"content":{"rendered":"<div class=\"fusion-fullwidth fullwidth-box fusion-builder-row-1 nonhundred-percent-fullwidth non-hundred-percent-height-scrolling\" style=\"background-color: rgba(255,255,255,0);background-position: center center;background-repeat: no-repeat;padding-top:0px;padding-right:0px;padding-bottom:0px;padding-left:0px;margin-bottom: 0px;margin-top: 0px;border-width: 0px 0px 0px 0px;border-color:#eae9e9;border-style:solid;\" ><div class=\"fusion-builder-row fusion-row\"><div class=\"fusion-layout-column fusion_builder_column fusion-builder-column-0 fusion_builder_column_1_1 1_1 fusion-one-full fusion-column-first fusion-column-last\" style=\"margin-top:0px;margin-bottom:0px;\"><div class=\"fusion-column-wrapper fusion-flex-column-wrapper-legacy\" style=\"background-position:left top;background-repeat:no-repeat;-webkit-background-size:cover;-moz-background-size:cover;-o-background-size:cover;background-size:cover;padding: 0px 0px 0px 0px;\"><div class=\"fusion-text fusion-text-1\"><div class=\"n2-has-copy n2-code n2-ss-slider-shortcode-id\"><\/div>\n<p>Somos una empresa familiar con una trayectoria de m\u00e1s de 40 a\u00f1os en el rubro de la distribuci\u00f3n y el consumo masivo de la mano de la <strong>Cervecer\u00eda y Malter\u00eda Quilmes.<\/strong><\/p>\n<p><strong>Actualmente llegamos a 5.000 puntos de venta<\/strong> en los partidos de General San Mart\u00edn, San Isidro, Vicente L\u00f3pez, Tigre, San Fernando, Malvinas Argentinas, San Miguel y Jos\u00e9 C. Paz. <a href=\"https:\/\/aguanort.com.ar\/distribuidora\/zonas-de-atencion\/\">Ver m\u00e1s aqu\u00ed<\/a><\/p>\n<p><strong>Nuestra prioridad es la atenci\u00f3n al cliente<\/strong> y que en cada lugar donde haya una ocasi\u00f3n de consumo de los productos que comercializamos, los mismos se encuentren disponibles en perfecto estado.<\/p>\n<\/div><div class=\"fusion-clearfix\"><\/div><\/div><\/div><\/div><\/div>\n","protected":false},"excerpt":{"rendered":"","protected":false},"author":1,"featured_media":0,"parent":0,"menu_order":0,"comment_status":"closed","ping_status":"closed","template":"","meta":{"_joinchat":[],"footnotes":""},"class_list":["post-86","page","type-page","status-publish","hentry"],"_links":{"self":[{"href":"https:\/\/aguanort.com.ar\/distribuidora\/wp-json\/wp\/v2\/pages\/86","targetHints":{"allow":["GET"]}}],"collection":[{"href":"https:\/\/aguanort.com.ar\/distribuidora\/wp-json\/wp\/v2\/pages"}],"about":[{"href":"https:\/\/aguanort.com.ar\/distribuidora\/wp-json\/wp\/v2\/types\/page"}],"author":[{"embeddable":true,"href":"https:\/\/aguanort.com.ar\/distribuidora\/wp-json\/wp\/v2\/users\/1"}],"replies":[{"embeddable":true,"href":"https:\/\/aguanort.com.ar\/distribuidora\/wp-json\/wp\/v2\/comments?post=86"}],"version-history":[{"count":13,"href":"https:\/\/aguanort.com.ar\/distribuidora\/wp-json\/wp\/v2\/pages\/86\/revisions"}],"predecessor-version":[{"id":259,"href":"https:\/\/aguanort.com.ar\/distribuidora\/wp-json\/wp\/v2\/pages\/86\/revisions\/259"}],"wp:attachment":[{"href":"https:\/\/aguanort.com.ar\/distribuidora\/wp-json\/wp\/v2\/media?parent=86"}],"curies":[{"name":"wp","href":"https:\/\/api.w.org\/{rel}","templated":true}]}}