{"id":53,"date":"2019-08-07T19:52:56","date_gmt":"2019-08-07T22:52:56","guid":{"rendered":"http:\/\/aguanort.com.ar\/distribuidora\/?page_id=53"},"modified":"2019-09-03T14:21:53","modified_gmt":"2019-09-03T17:21:53","slug":"contacto","status":"publish","type":"page","link":"https:\/\/aguanort.com.ar\/distribuidora\/contacto\/","title":{"rendered":"Contacto"},"content":{"rendered":"<div class=\"fusion-fullwidth fullwidth-box fusion-builder-row-1 nonhundred-percent-fullwidth non-hundred-percent-height-scrolling\" style=\"background-color: rgba(255,255,255,0);background-position: center center;background-repeat: no-repeat;padding-top:0px;padding-right:0px;padding-bottom:0px;padding-left:0px;margin-bottom: 0px;margin-top: 0px;border-width: 0px 0px 0px 0px;border-color:#eae9e9;border-style:solid;\" ><div class=\"fusion-builder-row fusion-row\"><div class=\"fusion-layout-column fusion_builder_column fusion-builder-column-0 fusion_builder_column_1_2 1_2 fusion-one-half fusion-column-first\" style=\"width:48%; margin-right: 4%;margin-top:0px;margin-bottom:0px;\"><div class=\"fusion-column-wrapper fusion-flex-column-wrapper-legacy\" style=\"background-position:left top;background-repeat:no-repeat;-webkit-background-size:cover;-moz-background-size:cover;-o-background-size:cover;background-size:cover;padding: 0px 0px 0px 0px;\"><div class=\"fusion-text fusion-text-1\"><p>Aqu\u00ed puede enviarnos su consulta:<\/p>\n<div class=\"wpforms-container wpforms-container-full\" id=\"wpforms-52\"><form id=\"wpforms-form-52\" class=\"wpforms-validate wpforms-form wpforms-ajax-form\" data-formid=\"52\" method=\"post\" enctype=\"multipart\/form-data\" action=\"\/distribuidora\/wp-json\/wp\/v2\/pages\/53\" data-token=\"3af13f3dfe195c758c86ade89f94750a\" data-token-time=\"1775418448\"><noscript class=\"wpforms-error-noscript\">Por favor, activa JavaScript en tu navegador para completar este formulario.<\/noscript><div class=\"wpforms-field-container\"><div id=\"wpforms-52-field_0-container\" class=\"wpforms-field wpforms-field-name\" data-field-id=\"0\"><label class=\"wpforms-field-label\" for=\"wpforms-52-field_0\">Nombre <span class=\"wpforms-required-label\">*<\/span><\/label><input type=\"text\" id=\"wpforms-52-field_0\" class=\"wpforms-field-large wpforms-field-required\" name=\"wpforms[fields][0]\" required><\/div><div id=\"wpforms-52-field_1-container\" class=\"wpforms-field wpforms-field-email\" data-field-id=\"1\"><label class=\"wpforms-field-label\" for=\"wpforms-52-field_1\">Correo electr\u00f3nico <span class=\"wpforms-required-label\">*<\/span><\/label><input type=\"email\" id=\"wpforms-52-field_1\" class=\"wpforms-field-large wpforms-field-required\" name=\"wpforms[fields][1]\" spellcheck=\"false\" required><\/div><div id=\"wpforms-52-field_4-container\" class=\"wpforms-field wpforms-field-name\" data-field-id=\"4\"><label class=\"wpforms-field-label\" for=\"wpforms-52-field_4\">Tel\u00e9fono<\/label><input type=\"text\" id=\"wpforms-52-field_4\" class=\"wpforms-field-large\" name=\"wpforms[fields][4]\" ><\/div><div id=\"wpforms-52-field_5-container\" class=\"wpforms-field wpforms-field-text\" data-field-id=\"5\"><label class=\"wpforms-field-label\" for=\"wpforms-52-field_5\">CUIT<\/label><input type=\"text\" id=\"wpforms-52-field_5\" class=\"wpforms-field-large\" name=\"wpforms[fields][5]\" ><\/div><div id=\"wpforms-52-field_6-container\" class=\"wpforms-field wpforms-field-text\" data-field-id=\"6\"><label class=\"wpforms-field-label\" for=\"wpforms-52-field_6\">Tipo de negocio<\/label><input type=\"text\" id=\"wpforms-52-field_6\" class=\"wpforms-field-large\" name=\"wpforms[fields][6]\" ><\/div><div id=\"wpforms-52-field_2-container\" class=\"wpforms-field wpforms-field-textarea\" data-field-id=\"2\"><label class=\"wpforms-field-label\" for=\"wpforms-52-field_2\">Mensaje <span class=\"wpforms-required-label\">*<\/span><\/label><textarea id=\"wpforms-52-field_2\" class=\"wpforms-field-medium wpforms-field-required\" name=\"wpforms[fields][2]\" required><\/textarea><\/div><\/div><!-- .wpforms-field-container --><div class=\"wpforms-field wpforms-field-hp\"><label for=\"wpforms-52-field-hp\" class=\"wpforms-field-label\">Website<\/label><input type=\"text\" name=\"wpforms[hp]\" id=\"wpforms-52-field-hp\" class=\"wpforms-field-medium\"><\/div><div class=\"wpforms-recaptcha-container wpforms-is-recaptcha wpforms-is-recaptcha-type-v2\" ><div class=\"g-recaptcha\" data-sitekey=\"6LeaG7EZAAAAACtvJEaJRVNOK2j10LEKs0XE9zeb\"><\/div><input type=\"text\" name=\"g-recaptcha-hidden\" class=\"wpforms-recaptcha-hidden\" style=\"position:absolute!important;clip:rect(0,0,0,0)!important;height:1px!important;width:1px!important;border:0!important;overflow:hidden!important;padding:0!important;margin:0!important;\" data-rule-recaptcha=\"1\"><\/div><div class=\"wpforms-submit-container\" ><input type=\"hidden\" name=\"wpforms[id]\" value=\"52\"><input type=\"hidden\" name=\"page_title\" value=\"\"><input type=\"hidden\" name=\"page_url\" value=\"https:\/\/aguanort.com.ar\/distribuidora\/wp-json\/wp\/v2\/pages\/53\"><input type=\"hidden\" name=\"url_referer\" value=\"\"><button type=\"submit\" name=\"wpforms[submit]\" id=\"wpforms-submit-52\" class=\"wpforms-submit\" data-alt-text=\"Enviando...\" data-submit-text=\"Enviar\" aria-live=\"assertive\" value=\"wpforms-submit\">Enviar<\/button><img decoding=\"async\" src=\"https:\/\/aguanort.com.ar\/distribuidora\/wp-content\/plugins\/wpforms-lite\/assets\/images\/submit-spin.svg\" class=\"wpforms-submit-spinner\" style=\"display: none;\" width=\"26\" height=\"26\" alt=\"Cargando\"><\/div><\/form><\/div>  <!-- .wpforms-container -->\n<\/div><div class=\"fusion-clearfix\"><\/div><\/div><\/div><div class=\"fusion-layout-column fusion_builder_column fusion-builder-column-1 fusion_builder_column_1_2 1_2 fusion-one-half fusion-column-last\" style=\"width:48%;margin-top:0px;margin-bottom:0px;\"><div class=\"fusion-column-wrapper fusion-flex-column-wrapper-legacy\" style=\"background-position:left top;background-repeat:no-repeat;-webkit-background-size:cover;-moz-background-size:cover;-o-background-size:cover;background-size:cover;padding: 0px 0px 0px 0px;\"><div class=\"fusion-text fusion-text-2\"><h2><strong>Nuestra Planta<\/strong><\/h2>\n<p><a href=\"https:\/\/www.google.com.ar\/maps\/place\/Av.+Brig.+Gral.+Juan+Manuel+de+Rosas+1375,+Jos%C3%A9+Le%C3%B3n+Su%C3%A1rez,+Buenos+Aires\/@-34.5186718,-58.5873374,14z\/data=!4m5!3m4!1s0x95bcba6446297305:0x688bbbf76999c2c6!8m2!3d-34.5186718!4d-58.5698279?hl=es\">Av. Brigadier Juan Manuel de Rosas 1375<\/a>, Jos\u00e9 Le\u00f3n Su\u00e1rez, Partido de General San Mart\u00edn, Provincia de Buenos Aires.<\/p>\n<p><iframe style=\"border: 0;\" src=\"https:\/\/www.google.com\/maps\/embed?pb=!1m14!1m8!1m3!1d26299.017108947468!2d-58.5873374!3d-34.5186718!3m2!1i1024!2i768!4f13.1!3m3!1m2!1s0x95bcba6446297305%3A0x688bbbf76999c2c6!2sAv.+Brig.+Gral.+Juan+Manuel+de+Rosas+1375%2C+Jos%C3%A9+Le%C3%B3n+Su%C3%A1rez%2C+Buenos+Aires!5e0!3m2!1ses!2sar!4v1565823357897!5m2!1ses!2sar\" width=\"100%\" height=\"350\" frameborder=\"0\" allowfullscreen=\"allowfullscreen\"><\/iframe><\/p>\n<\/div><div class=\"fusion-clearfix\"><\/div><\/div><\/div><\/div><\/div>\n","protected":false},"excerpt":{"rendered":"","protected":false},"author":1,"featured_media":0,"parent":0,"menu_order":0,"comment_status":"closed","ping_status":"closed","template":"","meta":{"_joinchat":[],"footnotes":""},"class_list":["post-53","page","type-page","status-publish","hentry"],"_links":{"self":[{"href":"https:\/\/aguanort.com.ar\/distribuidora\/wp-json\/wp\/v2\/pages\/53","targetHints":{"allow":["GET"]}}],"collection":[{"href":"https:\/\/aguanort.com.ar\/distribuidora\/wp-json\/wp\/v2\/pages"}],"about":[{"href":"https:\/\/aguanort.com.ar\/distribuidora\/wp-json\/wp\/v2\/types\/page"}],"author":[{"embeddable":true,"href":"https:\/\/aguanort.com.ar\/distribuidora\/wp-json\/wp\/v2\/users\/1"}],"replies":[{"embeddable":true,"href":"https:\/\/aguanort.com.ar\/distribuidora\/wp-json\/wp\/v2\/comments?post=53"}],"version-history":[{"count":15,"href":"https:\/\/aguanort.com.ar\/distribuidora\/wp-json\/wp\/v2\/pages\/53\/revisions"}],"predecessor-version":[{"id":175,"href":"https:\/\/aguanort.com.ar\/distribuidora\/wp-json\/wp\/v2\/pages\/53\/revisions\/175"}],"wp:attachment":[{"href":"https:\/\/aguanort.com.ar\/distribuidora\/wp-json\/wp\/v2\/media?parent=53"}],"curies":[{"name":"wp","href":"https:\/\/api.w.org\/{rel}","templated":true}]}}